{"id":725,"date":"2022-05-06T05:51:11","date_gmt":"2022-05-06T05:51:11","guid":{"rendered":"http:\/\/www.0814.de\/wp\/?page_id=725"},"modified":"2026-04-24T11:35:03","modified_gmt":"2026-04-24T11:35:03","slug":"kurse-neu","status":"publish","type":"page","link":"https:\/\/fahrschule-luck.de\/?page_id=725","title":{"rendered":"wichtige Infos"},"content":{"rendered":"<p>[vc_row disable_element=&#8220;yes&#8220;][vc_column][vc_single_image image=&#8220;1092&#8243; img_size=&#8220;full&#8220; alignment=&#8220;center&#8220;][\/vc_column][\/vc_row][vc_row][vc_column css=&#8220;.vc_custom_1730659718917{margin-bottom: 2em !important;background-color: #8da4bb !important;}&#8220;][vc_column_text]<\/p>\r\n<h1><span style=\"color: #ff0000;\">Unser B\u00fcro ist vom 27.04.2026 bis zum 15.05.2026 nicht besetzt. Der Theorieunterricht findet jedoch wie gewohnt statt. <\/span><\/h1>\r\n<h1><span style=\"color: #ff0000;\">Wer sich f\u00fcr den F\u00fchrerschein oder einen Kurs anmelden m\u00f6chte, kann dies gerne hier tun. Einfach unter Home \u00fcber den Button\u00a0 &#8222;Anmeldung&#8220; \u2193 weiter unten anklicken und Fragen beantworten.\u00a0 Wir setzen uns schnellstm\u00f6glich mit Euch zur Terminvereinbarung in Verbindung.\u00a0<\/span><\/h1>\r\n<p>&nbsp;<\/p>\r\n<h1>\u00a0<\/h1>\r\n<h1><strong><span style=\"color: #800000;\"><em>Bei uns k\u00f6nnt ihr in bar oder per Rechnung bezahlen! Kartenzahlung ist nicht m\u00f6glich!<\/em><\/span><\/strong><\/h1>\r\n<p>[\/vc_column_text][\/vc_column][vc_column][vc_column_text]<\/p>\r\n<p><span style=\"color: #ff6600;\">Wichtige Information:\u00a0<\/span><\/p>\r\n<p>Aufgrund der hohen Nachfrage und immer h\u00e4ufiger auftretenden Komplikationen bitten wir alle Bewerber\/innen darum, <strong><strong><em>sich selbst\u00e4ndig ohne<\/em> <em>Dolmetscher anzumelden.<\/em>\u00a0<\/strong><\/strong><\/p>\r\n<p>Die Theoriepr\u00fcfung kann in Deutsch sowie in 13 Fremdsprachen absolviert werden. ( Englisch, Franz\u00f6sisch, Griechisch, Italienisch ,Polnisch, Portugiesisch, Rum\u00e4nisch, Russisch, Kroatisch, Spanisch, T\u00fcrkisch, Hocharabisch )<\/p>\r\n<p>In diesem Zusammenhang weisen wir darauf hin, dass ein gewisses <strong><em>Verst\u00e4ndnis der deutschen Sprache<\/em><\/strong> Grundstein und unumg\u00e4nglich f\u00fcr die praktische Ausbildung im Fahrzeug ist, da diese Pr\u00fcfung wiederum auf deutsch stattfindet.<\/p>\r\n<p>Vielen Dank f\u00fcr Ihr Verst\u00e4ndnis!<\/p>\r\n<p>&nbsp;<\/p>\r\n<ul>\r\n<li><span style=\"color: #ff6600;\"><strong>Important information<\/strong>!<\/span><\/li>\r\n<\/ul>\r\n<p>Due to the high demand and the increasing number of complications, we ask all applicants to register <em><strong>themselves independently<\/strong><\/em> <em><strong>without an interpreter.<\/strong><\/em><\/p>\r\n<p>The theory test can be taken in German and in 13 foreign languages. ( Englisch, Greek, Italian, Polish, Romanian, Russian, Croatian, Spanish, Turkish, Modern Arabic )<\/p>\r\n<p>In this context, we would like to point out once again that a certain <em><strong>understanding of<\/strong><strong> the German language<\/strong><\/em> is the cornerstone and unfortunately indispensable for practical lessons, sinse the test is also held in German.<\/p>\r\n<p>Thank you for understanding!<\/p>\r\n<p>[\/vc_column_text][vc_column_text]<\/p>\r\n<figure class=\"wp-block-image size-large\"><img loading=\"lazy\" decoding=\"async\" width=\"1024\" height=\"683\" class=\"wp-image-662\" src=\"https:\/\/www.0814.de\/wp\/wp-content\/uploads\/2022\/01\/Image2-2400x1600-1-1024x683.jpg\" alt=\"\" srcset=\"https:\/\/fahrschule-luck.de\/wp-content\/uploads\/2022\/01\/Image2-2400x1600-1-1024x683.jpg 1024w, https:\/\/fahrschule-luck.de\/wp-content\/uploads\/2022\/01\/Image2-2400x1600-1-300x200.jpg 300w, https:\/\/fahrschule-luck.de\/wp-content\/uploads\/2022\/01\/Image2-2400x1600-1-768x512.jpg 768w, https:\/\/fahrschule-luck.de\/wp-content\/uploads\/2022\/01\/Image2-2400x1600-1-1536x1024.jpg 1536w, https:\/\/fahrschule-luck.de\/wp-content\/uploads\/2022\/01\/Image2-2400x1600-1-2048x1365.jpg 2048w\" sizes=\"auto, (max-width: 1024px) 100vw, 1024px\" \/><\/figure>\r\n<p>[\/vc_column_text][\/vc_column][vc_column][\/vc_column][vc_column][\/vc_column][vc_column][\/vc_column][\/vc_row]<\/p>","protected":false},"excerpt":{"rendered":"<p>[vc_row disable_element=&#8220;yes&#8220;][vc_column][vc_single_image image=&#8220;1092&#8243; img_size=&#8220;full&#8220; alignment=&#8220;center&#8220;][\/vc_column][\/vc_row][vc_row][vc_column css=&#8220;.vc_custom_1730659718917{margin-bottom: 2em !important;background-color: #8da4bb !important;}&#8220;][vc_column_text] Unser B\u00fcro ist vom 27.04.2026 bis zum 15.05.2026 nicht besetzt. Der Theorieunterricht findet jedoch wie gewohnt statt. Wer sich f\u00fcr den F\u00fchrerschein oder einen Kurs anmelden m\u00f6chte, kann dies gerne hier tun. Einfach unter Home \u00fcber den Button\u00a0 &#8222;Anmeldung&#8220; \u2193 weiter unten anklicken und Fragen [&hellip;]<\/p>\n","protected":false},"author":3,"featured_media":0,"parent":0,"menu_order":0,"comment_status":"closed","ping_status":"closed","template":"","meta":{"footnotes":""},"class_list":["post-725","page","type-page","status-publish","hentry"],"_links":{"self":[{"href":"https:\/\/fahrschule-luck.de\/index.php?rest_route=\/wp\/v2\/pages\/725","targetHints":{"allow":["GET"]}}],"collection":[{"href":"https:\/\/fahrschule-luck.de\/index.php?rest_route=\/wp\/v2\/pages"}],"about":[{"href":"https:\/\/fahrschule-luck.de\/index.php?rest_route=\/wp\/v2\/types\/page"}],"author":[{"embeddable":true,"href":"https:\/\/fahrschule-luck.de\/index.php?rest_route=\/wp\/v2\/users\/3"}],"replies":[{"embeddable":true,"href":"https:\/\/fahrschule-luck.de\/index.php?rest_route=%2Fwp%2Fv2%2Fcomments&post=725"}],"version-history":[{"count":112,"href":"https:\/\/fahrschule-luck.de\/index.php?rest_route=\/wp\/v2\/pages\/725\/revisions"}],"predecessor-version":[{"id":1361,"href":"https:\/\/fahrschule-luck.de\/index.php?rest_route=\/wp\/v2\/pages\/725\/revisions\/1361"}],"wp:attachment":[{"href":"https:\/\/fahrschule-luck.de\/index.php?rest_route=%2Fwp%2Fv2%2Fmedia&parent=725"}],"curies":[{"name":"wp","href":"https:\/\/api.w.org\/{rel}","templated":true}]}}