{"id":92,"date":"2017-04-06T15:59:09","date_gmt":"2017-04-06T12:59:09","guid":{"rendered":"http:\/\/www.0814.de\/wp\/?page_id=92"},"modified":"2026-04-22T15:06:56","modified_gmt":"2026-04-22T15:06:56","slug":"price","status":"publish","type":"page","link":"https:\/\/fahrschule-luck.de\/?page_id=92","title":{"rendered":"Kurse"},"content":{"rendered":"<p>[vc_row][vc_column][vc_column_text]<strong><span style=\"color: #0000ff;\">Filiale Rosa:<\/span><\/strong><\/p>\n<p>&nbsp;<\/p>\n<p><strong><span style=\"color: #3366ff;\">Filiale Trusetal:<\/span><\/strong><\/p>\n<p>N\u00e4chster Kurs l\u00e4uft ab Donnerstag, 23.04.2026 um 16:30 Uhr.<\/p>\n<p><strong><span style=\"color: #0000ff;\">Filiale Schmalkalden:<\/span><\/strong><\/p>\n<p>N\u00e4chstes Aufbauseminar geplant im Juni 2026<\/p>\n<p>[\/vc_column_text]\t\t<div class=\"price price_index\">\n\t\t\t<div class=\"container\">\n                \t\t\t\t\t\t\t\t<div class=\"price-table\">\n\t\t\t\t\t<div class=\"price-table__list row\">\n\t\t\t\t\t\t\t\t\t\t\t\t\t\t\t\t\t\t\t\t\t\t\t\t\t\t\t\t\t<div class=\"col-md-12\">\n\t\t\t\t\t\t\t\t\t<div class=\"price-table__item\">\n\t\t\t\t\t\t\t\t\t\t\t\t\t\t\t\t\t\t\t\t<div class=\"price-table__value\">Schnellkurse<\/div>\n\t\t\t\t\t\t\t\t\t\t<h3 class=\"price-table__name\">F\u00fcr alle, die innerhalb k\u00fcrzester Zeit ihren F\u00fchrerschein erlangen wollen, bieten wir jederzeit Schnellkurse an. Ein Abschluss der Fahrausbildung ist bei bestandener Pr\u00fcfung innerhalb von 8 Wochen m\u00f6glich. ( Bitte nicht als sogenannten `` Ferienkurs `` betrachten ) Voraussetzung hierf\u00fcr ist nat\u00fcrlich, dass im Vorfeld alle Beh\u00f6rdeng\u00e4nge erledigt und bearbeitet sind.<\/h3>\n\t\t\t\t\t\t\t\t\t\t\t\t\t\t\t\t\t\t\t\t\t<ul class=\"price-table__feature-list\">\n\t\t\t\t\t\t\t\t\t\t\t\t\t\t\t\t\t\t\t\t\t\t\t<\/ul>\n\t\t\t\t\t\t\t\t\t\t\t\t\t\t\t\t\t\t\t\t<a class=\"btn price-table__btn\" href=\"https:\/\/fahrschule-luck.de\/?page_id=36\">\n\t\t\t\t\t\t\t\t\t\t\t<span class=\"btn__text\">Anfrage senden<\/span>\n\t\t\t\t\t\t\t\t\t\t<\/a>\n\t\t\t\t\t\t\t\t\t\t\t\t\t\t\t\t\t\t\t<\/div>\n\t\t\t\t\t\t\t\t<\/div>\n\t\t\t\t\t\t\t\t\t\t\t\t\t\t\t\t\t\t\t\n\t\t\t\t\t\t\n\t\t\t\t\t\t\t\t\t\t\t<\/div>\n\t\t\t\t<\/div>\n\t\t\t<\/div>\n\t\t<\/div>\n        \t\t<div class=\"popup popup_narrow popup_bestsellers\">\n\t\t\t<div class=\"popup__container container\">\n\t\t\t\t<div class=\"row\">\n\t\t\t\t\t<div class=\"popup__wrapper col col-md-4 col-sm-6\">\n\t\t\t\t\t\t<div class=\"popup__head clearfix\">\n\t\t\t\t\t\t\t<div class=\"row\">\n\t\t\t\t\t\t\t\t<div class=\"popup__title col-sm-6 col-xs-8\">send message<\/div>\n\t\t\t\t\t\t\t\t<div class=\"popup__close col-sm-6 col-xs-4\"><div class=\"popup__close__button\"><\/div><\/div>\n\t\t\t\t\t\t\t<\/div>\n\t\t\t\t\t\t<\/div>\n\t\t\t\t\t\t<div class=\"popup__body\">\n\t\t\t\t\t\t\t<div class=\"row\">\n\t\t\t\t\t\t\t\t<div class=\"col-xs-12\">\n\t\t\t\t\t\t\t\t\t<div class=\"popup_bestsellers__title\">\n\t\t\t\t\t\t\t\t\t\t<svg class=\"popup_bestsellers__title__icon left\"><use xmlns:xlink=\"http:\/\/www.w3.org\/1999\/xlink\" xlink:href=\"https:\/\/fahrschule-luck.de\/wp-content\/themes\/drivingschool\/assets\/images\/icon.svg#icon_star\"><\/use><\/svg>\n\t\t\t\t\t\t\t\t\t\t<div class=\"popup_bestsellers__title__text\">bestsellers<\/div>\n\t\t\t\t\t\t\t\t\t\t<svg class=\"popup_bestsellers__title__icon right\"><use xmlns:xlink=\"http:\/\/www.w3.org\/1999\/xlink\" xlink:href=\"https:\/\/fahrschule-luck.de\/wp-content\/themes\/drivingschool\/assets\/images\/icon.svg#icon_star\"><\/use><\/svg>\n\t\t\t\t\t\t\t\t\t\t<\/div>\n\t\t\t\t\t\t\t\t\t<div class=\"popup_bestsellers__num\"><\/div>\n\t\t\t\t\t\t\t\t\t<div class=\"popup_bestsellers__desc\"><\/div>\n\t\t\t\t\t\t\t\t<\/div>\n\t\t\t\t\t\t\t<\/div>\n                            <form action=\"https:\/\/fahrschule-luck.de\/wp-content\/plugins\/drivingschool-plugin\/sendmail.php\" class=\"form\" id=\"plan_form\" method=\"post\">\n\t\t\t\t\t\t\t<div class=\"form__row row\">\n\t\t\t\t\t\t\t\t<div class=\"col-md-12\">\n\t\t\t\t\t\t\t\t\t<div class=\"control-group control-group_fullwidth\">\n\t\t\t\t\t\t\t\t\t\t<span class=\"control-remark control-group__item\">\n\t\t\t\t\t\t\t\t\t\t\t<svg class=\"control-remark__icon\"><use xmlns:xlink=\"http:\/\/www.w3.org\/1999\/xlink\" xlink:href=\"https:\/\/fahrschule-luck.de\/wp-content\/themes\/drivingschool\/assets\/images\/icon.svg#icon_users\"><\/use><\/svg>\n\t\t\t\t\t\t\t\t\t\t<\/span>\n\t\t\t\t\t\t\t\t\t\t<span class=\"inp\">\n\t\t\t\t\t\t\t\t\t\t\t<span class=\"inp__box\">\n\t\t\t\t\t\t\t\t\t\t\t\t<input class=\"inp__control mand\" type=\"text\" name=\"your-name\" placeholder=\"Enter your name\">\n\t\t\t\t\t\t\t\t\t\t\t<\/span>\n\t\t\t\t\t\t\t\t\t\t<\/span>\n\t\t\t\t\t\t\t\t\t<\/div>\n\t\t\t\t\t\t\t\t<\/div>\n\t\t\t\t\t\t\t<\/div>\n\t\t\t\t\t\t\t<div class=\"form__row row\">\n\t\t\t\t\t\t\t\t<div class=\"col-md-12\">\n\t\t\t\t\t\t\t\t\t<div class=\"control-group control-group_fullwidth\">\n\t\t\t\t\t\t\t\t\t\t<span class=\"control-remark control-group__item\">\n\t\t\t\t\t\t\t\t\t\t\t<svg class=\"control-remark__icon\"><use xmlns:xlink=\"http:\/\/www.w3.org\/1999\/xlink\" xlink:href=\"https:\/\/fahrschule-luck.de\/wp-content\/themes\/drivingschool\/assets\/images\/icon.svg#icon_mail\"><\/use><\/svg>\n\t\t\t\t\t\t\t\t\t\t<\/span>\n\t\t\t\t\t\t\t\t\t\t<span class=\"inp\">\n\t\t\t\t\t\t\t\t\t\t\t<span class=\"inp__box\">\n\t\t\t\t\t\t\t\t\t\t\t\t<input class=\"inp__control mand\" type=\"email\" name=\"email\" placeholder=\"Enter your E-Mail\">\n\t\t\t\t\t\t\t\t\t\t\t<\/span>\n\t\t\t\t\t\t\t\t\t\t<\/span>\n\t\t\t\t\t\t\t\t\t<\/div>\n\t\t\t\t\t\t\t\t<\/div>\n\t\t\t\t\t\t\t<\/div>\n\t\t\t\t\t\t\t<div class=\"form__row row\">\n\t\t\t\t\t\t\t\t<div class=\"col-md-12\">\n\t\t\t\t\t\t\t\t\t<div class=\"control-group control-group_fullwidth\">\n\t\t\t\t\t\t\t\t\t\t<span class=\"control-remark control-group__item\">\n\t\t\t\t\t\t\t\t\t\t\t<svg class=\"control-remark__icon\"><use xmlns:xlink=\"http:\/\/www.w3.org\/1999\/xlink\" xlink:href=\"https:\/\/fahrschule-luck.de\/wp-content\/themes\/drivingschool\/assets\/images\/icon.svg#icon_phone\"><\/use><\/svg>\n\t\t\t\t\t\t\t\t\t\t<\/span>\n\t\t\t\t\t\t\t\t\t\t<span class=\"inp\">\n\t\t\t\t\t\t\t\t\t\t\t<span class=\"inp__box\">\n\t\t\t\t\t\t\t\t\t\t\t\t<input class=\"inp__control mand\" type=\"tel\" name=\"phone\" placeholder=\"Enter your Phone\">\n\t\t\t\t\t\t\t\t\t\t\t<\/span>\n\t\t\t\t\t\t\t\t\t\t<\/span>\n\t\t\t\t\t\t\t\t\t<\/div>\n\t\t\t\t\t\t\t\t<\/div>\n\t\t\t\t\t\t\t<\/div>\n\t\t\t\t\t\t\t<div class=\"form__row row\">\n\t\t\t\t\t\t\t\t<div class=\"col-md-12\">\n\t\t\t\t\t\t\t\t\t<button class=\"btn btn_fullwidth\" type=\"submit\">\n\t\t\t\t\t\t\t\t\t\t<span class=\"btn__text\">send request<\/span>\n\t\t\t\t\t\t\t\t\t<\/button>\n\t\t\t\t\t\t\t\t<\/div>\n\t\t\t\t\t\t\t<\/div>\n                            <input type=\"text\" name=\"form_info\">\n                            <input type=\"hidden\" name=\"nonce\" class=\"nonce\" value=\"be898da40f\">\n                            <input name=\"typform\" type=\"hidden\" class=\"nonce\" value=\"typ4\">\n                            <input name=\"nameplan\" class=\"nameplan-input\" type=\"hidden\" value=\"\">\n                            <div class=\"results-ajax\"> <\/div>\n                            <\/form>\n\t\t\t\t\t\t<\/div>\n\t\t\t\t\t<\/div>\n\t\t\t\t<\/div>\n\t\t\t<\/div>\n\t\t\t<div class=\"popup__bg\"><\/div>\n\t\t<\/div>\n[vc_column_text][\/vc_column_text][\/vc_column][\/vc_row]<\/p>\n","protected":false},"excerpt":{"rendered":"<p>[vc_row][vc_column][vc_column_text]Filiale Rosa: &nbsp; Filiale Trusetal: N\u00e4chster Kurs l\u00e4uft ab Donnerstag, 23.04.2026 um 16:30 Uhr. Filiale Schmalkalden: N\u00e4chstes Aufbauseminar geplant im Juni 2026 [\/vc_column_text][vc_column_text][\/vc_column_text][\/vc_column][\/vc_row]<\/p>\n","protected":false},"author":3,"featured_media":0,"parent":0,"menu_order":1,"comment_status":"closed","ping_status":"closed","template":"page-price.php","meta":{"footnotes":""},"class_list":["post-92","page","type-page","status-publish","hentry"],"_links":{"self":[{"href":"https:\/\/fahrschule-luck.de\/index.php?rest_route=\/wp\/v2\/pages\/92","targetHints":{"allow":["GET"]}}],"collection":[{"href":"https:\/\/fahrschule-luck.de\/index.php?rest_route=\/wp\/v2\/pages"}],"about":[{"href":"https:\/\/fahrschule-luck.de\/index.php?rest_route=\/wp\/v2\/types\/page"}],"author":[{"embeddable":true,"href":"https:\/\/fahrschule-luck.de\/index.php?rest_route=\/wp\/v2\/users\/3"}],"replies":[{"embeddable":true,"href":"https:\/\/fahrschule-luck.de\/index.php?rest_route=%2Fwp%2Fv2%2Fcomments&post=92"}],"version-history":[{"count":90,"href":"https:\/\/fahrschule-luck.de\/index.php?rest_route=\/wp\/v2\/pages\/92\/revisions"}],"predecessor-version":[{"id":1357,"href":"https:\/\/fahrschule-luck.de\/index.php?rest_route=\/wp\/v2\/pages\/92\/revisions\/1357"}],"wp:attachment":[{"href":"https:\/\/fahrschule-luck.de\/index.php?rest_route=%2Fwp%2Fv2%2Fmedia&parent=92"}],"curies":[{"name":"wp","href":"https:\/\/api.w.org\/{rel}","templated":true}]}}